{"id":31,"date":"2020-08-28T20:58:55","date_gmt":"2020-08-28T18:58:55","guid":{"rendered":"http:\/\/lamanne.info\/?page_id=31"},"modified":"2020-10-23T16:44:20","modified_gmt":"2020-10-23T14:44:20","slug":"la-manne","status":"publish","type":"page","link":"https:\/\/lamanne.info\/index.php\/la-manne\/","title":{"rendered":"La MANNE"},"content":{"rendered":"\n<p>Les Anges Gardins cr\u00e9ent en 2018 la MANNE (Monnaie d\u2019une autre nature pour de nouveaux \u00e9changes) dans le Bassin minier (Pas-de-Calais).<\/p>\n\n\n\n<p>C\u2019est un <strong>marqueur d\u2019\u00e9changes qui permet d\u2019estimer la richesse des liens cr\u00e9\u00e9s et l\u2019engagement des personnes<\/strong>. La MANNE est symbolique : nous avons souvent l\u2019occasion d\u2019observer que tout ce qui est inestimable, au pr\u00e9texte de ne pas pouvoir \u00eatre dot\u00e9 d\u2019une m\u00e9trique permettant d\u2019en appr\u00e9cier la v\u00e9ritable valeur, mobilise en fin de compte peu d\u2019actions au regard des enjeux. C\u2019est par exemple le cas pour les efforts individuels de sant\u00e9, pour la biodiversit\u00e9&#8230; C\u2019est aussi le cas du b\u00e9n\u00e9volat\u2026<\/p>\n\n\n\n<div class=\"wp-block-image\"><figure class=\"aligncenter size-large\"><img loading=\"lazy\" width=\"530\" height=\"706\" src=\"http:\/\/lamanne.info\/wp-content\/uploads\/2020\/10\/IMG_8320-1-1.jpg\" alt=\"\" class=\"wp-image-135\" srcset=\"https:\/\/lamanne.info\/wp-content\/uploads\/2020\/10\/IMG_8320-1-1.jpg 530w, https:\/\/lamanne.info\/wp-content\/uploads\/2020\/10\/IMG_8320-1-1-225x300.jpg 225w\" sizes=\"(max-width: 530px) 100vw, 530px\" \/><\/figure><\/div>\n\n\n\n<p><br>La MANNE marque l\u2019engagement de la communaut\u00e9 agissante pour am\u00e9liorer le monde \u00e0 partir de l\u2019ordinaire de nos vies. C&#8217;est un vecteur d&#8217;\u00e9mancipation et de mieux vivre ensemble.<\/p>\n\n\n\n<p>Cette \u00e9conomie de l\u2019inestimable est un des sujets pour lequel nous voulons faire soci\u00e9t\u00e9 et consacrer du temps et de l\u2019\u00e9nergie.&nbsp;<\/p>\n\n\n\n<p><strong>Comment gagner de la MANNE ?<\/strong><br>On gagne de la MANNE quand :<br>&#8211; on adh\u00e8re \u00e0 l\u2019association (20 MANNE)<br>&#8211; on rend des services \u00e0 une autre personne poss\u00e9dant de la MANNE (40 MANNE \/ h)<br>&#8211; on participe \u00e0 un chantier coop\u00e9ratif pour rendre service \u00e0 l&#8217;association Les Anges Gardins (40 MANNE \/ h) : aider \u00e0 r\u00e9colter les l\u00e9gumes, peindre des bureaux, fabriquer une table, d\u00e9sherber des carr\u00e9s potagers&#8230;<br>&#8211; on participe \u00e0 un atelier de Cuisine Enchant\u00e9e pour apprendre \u00e0 cuisiner sain, simple et durable<br>&#8211; anime un atelier o\u00f9 l&#8217;on partage ses connaissances, ses talents, ses savoir-faire : coudre, chanter, fabriquer des objets en papier m\u00e2ch\u00e9&#8230; <\/p>\n\n\n\n<figure class=\"wp-block-gallery columns-3 is-cropped\"><ul class=\"blocks-gallery-grid\"><li class=\"blocks-gallery-item\"><figure><img loading=\"lazy\" width=\"1024\" height=\"768\" src=\"http:\/\/lamanne.info\/wp-content\/uploads\/2020\/10\/IMG_3306-1024x768.jpg\" alt=\"\" data-id=\"131\" data-full-url=\"http:\/\/lamanne.info\/wp-content\/uploads\/2020\/10\/IMG_3306-scaled.jpg\" data-link=\"http:\/\/lamanne.info\/img_3306\/\" class=\"wp-image-131\" srcset=\"https:\/\/lamanne.info\/wp-content\/uploads\/2020\/10\/IMG_3306-1024x768.jpg 1024w, https:\/\/lamanne.info\/wp-content\/uploads\/2020\/10\/IMG_3306-300x225.jpg 300w, https:\/\/lamanne.info\/wp-content\/uploads\/2020\/10\/IMG_3306-768x576.jpg 768w, https:\/\/lamanne.info\/wp-content\/uploads\/2020\/10\/IMG_3306-1536x1152.jpg 1536w, https:\/\/lamanne.info\/wp-content\/uploads\/2020\/10\/IMG_3306-2048x1536.jpg 2048w\" sizes=\"(max-width: 767px) 89vw, (max-width: 1000px) 54vw, (max-width: 1071px) 543px, 580px\" \/><figcaption class=\"blocks-gallery-item__caption\">Atelier Cuisine Enchant\u00e9e<\/figcaption><\/figure><\/li><li class=\"blocks-gallery-item\"><figure><img loading=\"lazy\" width=\"1024\" height=\"768\" src=\"http:\/\/lamanne.info\/wp-content\/uploads\/2020\/10\/20200708_142218-1024x768.jpg\" alt=\"\" data-id=\"130\" data-full-url=\"http:\/\/lamanne.info\/wp-content\/uploads\/2020\/10\/20200708_142218.jpg\" data-link=\"http:\/\/lamanne.info\/20200708_142218\/\" class=\"wp-image-130\" srcset=\"https:\/\/lamanne.info\/wp-content\/uploads\/2020\/10\/20200708_142218-1024x768.jpg 1024w, https:\/\/lamanne.info\/wp-content\/uploads\/2020\/10\/20200708_142218-300x225.jpg 300w, https:\/\/lamanne.info\/wp-content\/uploads\/2020\/10\/20200708_142218-768x576.jpg 768w, https:\/\/lamanne.info\/wp-content\/uploads\/2020\/10\/20200708_142218.jpg 1239w\" sizes=\"(max-width: 767px) 89vw, (max-width: 1000px) 54vw, (max-width: 1071px) 543px, 580px\" \/><figcaption class=\"blocks-gallery-item__caption\">Chantier coop\u00e9ratif<br>autour du jardinage<\/figcaption><\/figure><\/li><li class=\"blocks-gallery-item\"><figure><img loading=\"lazy\" width=\"1024\" height=\"768\" src=\"http:\/\/lamanne.info\/wp-content\/uploads\/2020\/09\/4B95B37D-16C9-4772-A21D-9544CDC3AAFA_1_105_c.jpeg\" alt=\"\" data-id=\"77\" data-full-url=\"http:\/\/lamanne.info\/wp-content\/uploads\/2020\/09\/4B95B37D-16C9-4772-A21D-9544CDC3AAFA_1_105_c.jpeg\" data-link=\"http:\/\/lamanne.info\/index.php\/le-systeme-menadel\/4b95b37d-16c9-4772-a21d-9544cdc3aafa_1_105_c\/\" class=\"wp-image-77\" srcset=\"https:\/\/lamanne.info\/wp-content\/uploads\/2020\/09\/4B95B37D-16C9-4772-A21D-9544CDC3AAFA_1_105_c.jpeg 1024w, https:\/\/lamanne.info\/wp-content\/uploads\/2020\/09\/4B95B37D-16C9-4772-A21D-9544CDC3AAFA_1_105_c-300x225.jpeg 300w, https:\/\/lamanne.info\/wp-content\/uploads\/2020\/09\/4B95B37D-16C9-4772-A21D-9544CDC3AAFA_1_105_c-768x576.jpeg 768w\" sizes=\"(max-width: 767px) 89vw, (max-width: 1000px) 54vw, (max-width: 1071px) 543px, 580px\" \/><figcaption class=\"blocks-gallery-item__caption\">Atelier Couture<\/figcaption><\/figure><\/li><\/ul><\/figure>\n\n\n\n<p><strong>Comment d\u00e9penser cette MANNE ?<\/strong><br>La MANNE permet d&#8217;acc\u00e9der \u00e0 des biens et services propos\u00e9s dans un catalogue de contreparties :<br>&#8211; panier de l\u00e9gumes bio, locaux et solidaires produits par Les Anges Gardins<br>&#8211; adoption de poules Bourbourg<br>&#8211; produits achet\u00e9s aupr\u00e8s des commer\u00e7ants locaux partenaires<br>&#8211; participation \u00e0 des ateliers<br>&#8211; services propos\u00e9s par d\u2019autres adh\u00e9rents<br>&#8211; repair caf\u00e9<br>&#8211; plats et boissons au M\u00e9nadel et Saint-Hubert<\/p>\n\n\n\n<figure class=\"wp-block-gallery columns-3 is-cropped\"><ul class=\"blocks-gallery-grid\"><li class=\"blocks-gallery-item\"><figure><img loading=\"lazy\" width=\"1024\" height=\"768\" src=\"http:\/\/lamanne.info\/wp-content\/uploads\/2020\/10\/P1060432-2-1024x768.jpg\" alt=\"\" data-id=\"137\" data-full-url=\"http:\/\/lamanne.info\/wp-content\/uploads\/2020\/10\/P1060432-2-scaled.jpg\" data-link=\"http:\/\/lamanne.info\/p1060432-2\/\" class=\"wp-image-137\" srcset=\"https:\/\/lamanne.info\/wp-content\/uploads\/2020\/10\/P1060432-2-1024x768.jpg 1024w, https:\/\/lamanne.info\/wp-content\/uploads\/2020\/10\/P1060432-2-300x225.jpg 300w, https:\/\/lamanne.info\/wp-content\/uploads\/2020\/10\/P1060432-2-768x576.jpg 768w, https:\/\/lamanne.info\/wp-content\/uploads\/2020\/10\/P1060432-2-1536x1152.jpg 1536w, https:\/\/lamanne.info\/wp-content\/uploads\/2020\/10\/P1060432-2-2048x1536.jpg 2048w\" sizes=\"(max-width: 767px) 89vw, (max-width: 1000px) 54vw, (max-width: 1071px) 543px, 580px\" \/><figcaption class=\"blocks-gallery-item__caption\">Poule Bourbourg<\/figcaption><\/figure><\/li><li class=\"blocks-gallery-item\"><figure><img loading=\"lazy\" width=\"1024\" height=\"768\" src=\"http:\/\/lamanne.info\/wp-content\/uploads\/2020\/10\/A933AE6C-CC4B-431F-8A12-E31356B9700F_1_105_c-1.jpeg\" alt=\"\" data-id=\"136\" data-full-url=\"http:\/\/lamanne.info\/wp-content\/uploads\/2020\/10\/A933AE6C-CC4B-431F-8A12-E31356B9700F_1_105_c-1.jpeg\" data-link=\"http:\/\/lamanne.info\/a933ae6c-cc4b-431f-8a12-e31356b9700f_1_105_c-1\/\" class=\"wp-image-136\" srcset=\"https:\/\/lamanne.info\/wp-content\/uploads\/2020\/10\/A933AE6C-CC4B-431F-8A12-E31356B9700F_1_105_c-1.jpeg 1024w, https:\/\/lamanne.info\/wp-content\/uploads\/2020\/10\/A933AE6C-CC4B-431F-8A12-E31356B9700F_1_105_c-1-300x225.jpeg 300w, https:\/\/lamanne.info\/wp-content\/uploads\/2020\/10\/A933AE6C-CC4B-431F-8A12-E31356B9700F_1_105_c-1-768x576.jpeg 768w\" sizes=\"(max-width: 767px) 89vw, (max-width: 1000px) 54vw, (max-width: 1071px) 543px, 580px\" \/><figcaption class=\"blocks-gallery-item__caption\">Repair Caf\u00e9<\/figcaption><\/figure><\/li><li class=\"blocks-gallery-item\"><figure><img loading=\"lazy\" width=\"330\" height=\"495\" src=\"http:\/\/lamanne.info\/wp-content\/uploads\/2020\/10\/Les-paniers-bio-et-solidaires_image_image_galleryview.jpg\" alt=\"\" data-id=\"133\" data-full-url=\"http:\/\/lamanne.info\/wp-content\/uploads\/2020\/10\/Les-paniers-bio-et-solidaires_image_image_galleryview.jpg\" data-link=\"http:\/\/lamanne.info\/les-paniers-bio-et-solidaires_image_image_galleryview\/\" class=\"wp-image-133\" srcset=\"https:\/\/lamanne.info\/wp-content\/uploads\/2020\/10\/Les-paniers-bio-et-solidaires_image_image_galleryview.jpg 330w, https:\/\/lamanne.info\/wp-content\/uploads\/2020\/10\/Les-paniers-bio-et-solidaires_image_image_galleryview-200x300.jpg 200w\" sizes=\"(max-width: 330px) 100vw, 330px\" \/><figcaption class=\"blocks-gallery-item__caption\">Paniers bio locaux et solidaires<\/figcaption><\/figure><\/li><\/ul><\/figure>\n\n\n\n<p>En octobre 2020, on a f\u00eat\u00e9 le 200<sup>\u00e8me<\/sup> adh\u00e9rent !<br>Vous nous rejoignez quand ? \ud83d\ude42<\/p>\n","protected":false},"excerpt":{"rendered":"<p>Les Anges Gardins cr\u00e9ent en 2018 la MANNE (Monnaie d\u2019une autre nature pour de nouveaux \u00e9changes) dans le Bassin minier (Pas-de-Calais). C\u2019est un marqueur d\u2019\u00e9changes qui permet d\u2019estimer la richesse des liens cr\u00e9\u00e9s et l\u2019engagement des personnes. La MANNE est symbolique : nous avons souvent l\u2019occasion d\u2019observer que tout ce qui est inestimable, au pr\u00e9texte &hellip; <\/p>\n<p class=\"link-more\"><a href=\"https:\/\/lamanne.info\/index.php\/la-manne\/\" class=\"more-link\">Continue reading<span class=\"screen-reader-text\"> &#8220;La MANNE&#8221;<\/span><\/a><\/p>\n","protected":false},"author":1,"featured_media":0,"parent":0,"menu_order":0,"comment_status":"closed","ping_status":"closed","template":"","meta":[],"_links":{"self":[{"href":"https:\/\/lamanne.info\/index.php\/wp-json\/wp\/v2\/pages\/31"}],"collection":[{"href":"https:\/\/lamanne.info\/index.php\/wp-json\/wp\/v2\/pages"}],"about":[{"href":"https:\/\/lamanne.info\/index.php\/wp-json\/wp\/v2\/types\/page"}],"author":[{"embeddable":true,"href":"https:\/\/lamanne.info\/index.php\/wp-json\/wp\/v2\/users\/1"}],"replies":[{"embeddable":true,"href":"https:\/\/lamanne.info\/index.php\/wp-json\/wp\/v2\/comments?post=31"}],"version-history":[{"count":6,"href":"https:\/\/lamanne.info\/index.php\/wp-json\/wp\/v2\/pages\/31\/revisions"}],"predecessor-version":[{"id":140,"href":"https:\/\/lamanne.info\/index.php\/wp-json\/wp\/v2\/pages\/31\/revisions\/140"}],"wp:attachment":[{"href":"https:\/\/lamanne.info\/index.php\/wp-json\/wp\/v2\/media?parent=31"}],"curies":[{"name":"wp","href":"https:\/\/api.w.org\/{rel}","templated":true}]}}