{"id":30,"date":"2020-08-28T20:58:55","date_gmt":"2020-08-28T18:58:55","guid":{"rendered":"http:\/\/lamanne.info\/?page_id=30"},"modified":"2020-10-23T14:50:57","modified_gmt":"2020-10-23T12:50:57","slug":"une-creation-des-anges-gardins","status":"publish","type":"page","link":"https:\/\/lamanne.info\/index.php\/une-creation-des-anges-gardins\/","title":{"rendered":"Une cr\u00e9ation des Anges Gardins"},"content":{"rendered":"\n<p>Les Anges Gardins est une association du Pas-de-Calais, engag\u00e9e depuis plus de 20 ans en faveur de l&#8217;insertion, de l&#8217;\u00e9ducation populaire et de nouvelles pratiques soci\u00e9tales en lien avec l&#8217;alimentation.<\/p>\n\n\n\n<div class=\"wp-block-image\"><figure class=\"aligncenter size-large\"><img loading=\"lazy\" width=\"250\" height=\"250\" src=\"http:\/\/lamanne.info\/wp-content\/uploads\/2020\/08\/Logo-Anges-Gardins-seul.png\" alt=\"\" class=\"wp-image-15\" srcset=\"https:\/\/lamanne.info\/wp-content\/uploads\/2020\/08\/Logo-Anges-Gardins-seul.png 250w, https:\/\/lamanne.info\/wp-content\/uploads\/2020\/08\/Logo-Anges-Gardins-seul-150x150.png 150w\" sizes=\"(max-width: 250px) 100vw, 250px\" \/><\/figure><\/div>\n\n\n\n<p> <\/p>\n\n\n\n<p class=\"has-text-align-left\">Dans le cadre de ses activit\u00e9s d\u2019insertion par l\u2019activit\u00e9 \u00e9conomique et d\u2019\u00e9ducation populaire,<br>cette association a pour buts :<br>&#8211; d\u2019agir pour la reconqu\u00eate de l\u2019environnement, du cadre de vie, de l\u2019autonomie et du bien vivre alimentaire ;<br>&#8211; d\u2019apporter de nouvelles r\u00e9ponses aux besoins essentiels des populations et de lutter contre la fracture sociale ou toute forme d\u2019injustice en la mati\u00e8re\u00a0;<br>&#8211; d\u2019organiser la coop\u00e9ration, l\u2019entraide et l\u2019\u00e9change de biens, services et savoirs entre toutes les personnes motiv\u00e9es par la reconqu\u00eate d\u2019une qualit\u00e9 de vie en coh\u00e9rence avec les enjeux du d\u00e9veloppement durable et de la transition \u00e9cologique et sociale ;<br>&#8211; d\u2019informer ses adh\u00e9rents et le grand public de ses actions dans le cadre d\u2019une sensibilisation plus large aux enjeux de la transition \u00e9cologique et sociale.<br><\/p>\n\n\n\n<p><strong><em>En savoir + ici : <a rel=\"noreferrer noopener\" href=\"https:\/\/horizonalimentaire.fr\/angesgardins\" data-type=\"URL\" data-id=\"https:\/\/horizonalimentaire.fr\/angesgardins\" target=\"_blank\">https:\/\/horizonalimentaire.fr\/angesgardins<\/a><\/em><\/strong><\/p>\n","protected":false},"excerpt":{"rendered":"<p>Les Anges Gardins est une association du Pas-de-Calais, engag\u00e9e depuis plus de 20 ans en faveur de l&#8217;insertion, de l&#8217;\u00e9ducation populaire et de nouvelles pratiques soci\u00e9tales en lien avec l&#8217;alimentation. Dans le cadre de ses activit\u00e9s d\u2019insertion par l\u2019activit\u00e9 \u00e9conomique et d\u2019\u00e9ducation populaire,cette association a pour buts :&#8211; d\u2019agir pour la reconqu\u00eate de l\u2019environnement, du &hellip; <\/p>\n<p class=\"link-more\"><a href=\"https:\/\/lamanne.info\/index.php\/une-creation-des-anges-gardins\/\" class=\"more-link\">Continue reading<span class=\"screen-reader-text\"> &#8220;Une cr\u00e9ation des Anges Gardins&#8221;<\/span><\/a><\/p>\n","protected":false},"author":1,"featured_media":0,"parent":0,"menu_order":0,"comment_status":"closed","ping_status":"closed","template":"","meta":[],"_links":{"self":[{"href":"https:\/\/lamanne.info\/index.php\/wp-json\/wp\/v2\/pages\/30"}],"collection":[{"href":"https:\/\/lamanne.info\/index.php\/wp-json\/wp\/v2\/pages"}],"about":[{"href":"https:\/\/lamanne.info\/index.php\/wp-json\/wp\/v2\/types\/page"}],"author":[{"embeddable":true,"href":"https:\/\/lamanne.info\/index.php\/wp-json\/wp\/v2\/users\/1"}],"replies":[{"embeddable":true,"href":"https:\/\/lamanne.info\/index.php\/wp-json\/wp\/v2\/comments?post=30"}],"version-history":[{"count":7,"href":"https:\/\/lamanne.info\/index.php\/wp-json\/wp\/v2\/pages\/30\/revisions"}],"predecessor-version":[{"id":124,"href":"https:\/\/lamanne.info\/index.php\/wp-json\/wp\/v2\/pages\/30\/revisions\/124"}],"wp:attachment":[{"href":"https:\/\/lamanne.info\/index.php\/wp-json\/wp\/v2\/media?parent=30"}],"curies":[{"name":"wp","href":"https:\/\/api.w.org\/{rel}","templated":true}]}}